{"id":7404,"date":"2025-12-15T03:55:12","date_gmt":"2025-12-15T02:55:12","guid":{"rendered":"https:\/\/dev.upzone.se\/buchungsbedingungen\/"},"modified":"2026-03-27T00:55:57","modified_gmt":"2026-03-26T23:55:57","slug":"buchungsbedingungen","status":"publish","type":"page","link":"https:\/\/dev.upzone.se\/de\/buchungsbedingungen\/","title":{"rendered":"Buchungsbedingungen"},"content":{"rendered":"\t\t<div data-elementor-type=\"wp-page\" data-elementor-id=\"7404\" class=\"elementor elementor-7404 elementor-238\" data-elementor-post-type=\"page\">\n\t\t\t\t<div class=\"elementor-element elementor-element-12ac97a e-flex e-con-boxed e-con e-parent\" data-id=\"12ac97a\" data-element_type=\"container\" data-e-type=\"container\" data-settings=\"{&quot;background_background&quot;:&quot;classic&quot;}\">\n\t\t\t\t\t<div class=\"e-con-inner\">\n\t\t\t\t<div class=\"elementor-element elementor-element-8d882b8 elementor-widget elementor-widget-heading\" data-id=\"8d882b8\" data-element_type=\"widget\" data-e-type=\"widget\" data-widget_type=\"heading.default\">\n\t\t\t\t\t<h2 class=\"elementor-heading-title elementor-size-default\">Buchungsbedingungen<\/h2>\t\t\t\t<\/div>\n\t\t\t\t\t<\/div>\n\t\t\t\t<\/div>\n\t\t<div class=\"elementor-element elementor-element-d352b33 e-flex e-con-boxed e-con e-parent\" data-id=\"d352b33\" data-element_type=\"container\" data-e-type=\"container\">\n\t\t\t\t\t<div class=\"e-con-inner\">\n\t\t\t\t<div class=\"elementor-element elementor-element-7b63861 elementor-widget elementor-widget-n-accordion\" data-id=\"7b63861\" data-element_type=\"widget\" data-e-type=\"widget\" data-settings=\"{&quot;default_state&quot;:&quot;all_collapsed&quot;,&quot;max_items_expended&quot;:&quot;one&quot;,&quot;n_accordion_animation_duration&quot;:{&quot;unit&quot;:&quot;ms&quot;,&quot;size&quot;:400,&quot;sizes&quot;:[]}}\" data-widget_type=\"nested-accordion.default\">\n\t\t\t\t\t\t\t<div class=\"e-n-accordion\" aria-label=\"Accordion. Open links with Enter or Space, close with Escape, and navigate with Arrow Keys\">\n\t\t\t\t\t\t<details id=\"e-n-accordion-item-1290\" class=\"e-n-accordion-item\" >\n\t\t\t\t<summary class=\"e-n-accordion-item-title\" data-accordion-index=\"1\" tabindex=\"0\" aria-expanded=\"false\" aria-controls=\"e-n-accordion-item-1290\" >\n\t\t\t\t\t<span class='e-n-accordion-item-title-header'><div class=\"e-n-accordion-item-title-text\"> Bedingungen f\u00fcr die Buchung <\/div><\/span>\n\t\t\t\t\t\t\t<span class='e-n-accordion-item-title-icon'>\n\t\t\t<span class='e-opened' ><svg aria-hidden=\"true\" class=\"e-font-icon-svg e-fas-minus\" viewBox=\"0 0 448 512\" xmlns=\"http:\/\/www.w3.org\/2000\/svg\"><path d=\"M416 208H32c-17.67 0-32 14.33-32 32v32c0 17.67 14.33 32 32 32h384c17.67 0 32-14.33 32-32v-32c0-17.67-14.33-32-32-32z\"><\/path><\/svg><\/span>\n\t\t\t<span class='e-closed'><svg aria-hidden=\"true\" class=\"e-font-icon-svg e-fas-plus\" viewBox=\"0 0 448 512\" xmlns=\"http:\/\/www.w3.org\/2000\/svg\"><path d=\"M416 208H272V64c0-17.67-14.33-32-32-32h-32c-17.67 0-32 14.33-32 32v144H32c-17.67 0-32 14.33-32 32v32c0 17.67 14.33 32 32 32h144v144c0 17.67 14.33 32 32 32h32c17.67 0 32-14.33 32-32V304h144c17.67 0 32-14.33 32-32v-32c0-17.67-14.33-32-32-32z\"><\/path><\/svg><\/span>\n\t\t<\/span>\n\n\t\t\t\t\t\t<\/summary>\n\t\t\t\t<div role=\"region\" aria-labelledby=\"e-n-accordion-item-1290\" class=\"elementor-element elementor-element-35532ca e-con-full e-flex e-con e-child\" data-id=\"35532ca\" data-element_type=\"container\" data-e-type=\"container\">\n\t\t\t\t<div class=\"elementor-element elementor-element-a54f1a1 elementor-widget elementor-widget-heading\" data-id=\"a54f1a1\" data-element_type=\"widget\" data-e-type=\"widget\" data-widget_type=\"heading.default\">\n\t\t\t\t\t<h2 class=\"elementor-heading-title elementor-size-default\">Bedingungen f\u00fcr die Buchung einer Aktivit\u00e4t<\/h2>\t\t\t\t<\/div>\n\t\t\t\t<div class=\"elementor-element elementor-element-8d65bb8 elementor-widget elementor-widget-text-editor\" data-id=\"8d65bb8\" data-element_type=\"widget\" data-e-type=\"widget\" data-widget_type=\"text-editor.default\">\n\t\t\t\t\t\t\t\t\t<p><span style=\"font-family: -apple-system, BlinkMacSystemFont, 'Segoe UI', Roboto, 'Helvetica Neue', Arial, 'Noto Sans', sans-serif, 'Apple Color Emoji', 'Segoe UI Emoji', 'Segoe UI Symbol', 'Noto Color Emoji';\">Um zu buchen, m\u00fcssen Sie mindestens 18 Jahre alt sein oder die Erlaubnis Ihrer Eltern haben, die Aktivit\u00e4t durchzuf\u00fchren.<\/span><\/p><div><p>Es ist wichtig, dass Sie unsere H\u00f6hen- und Sicherheitsregeln verstehen. Bei der Buchung muss f\u00fcr jede Person, die klettern m\u00f6chte, ein Platz entsprechend der H\u00f6henkategorie, zu der sie geh\u00f6rt, reserviert werden. <\/p><p><strong>Bei der Buchung einer Aktivit\u00e4t besteht kein R\u00fccktrittsrecht, wenn Sie Ihre Aktivit\u00e4t kurz vor dem gew\u00e4hlten Tag buchen (mindestens 2 Tage vorher).<\/strong><\/p><p><strong>BITTE BEACHTEN SIE! Alle Unternehmen zahlen ohne Mehrwertsteuer. Wenn Ihre Buchungsanfrage nicht den korrekten Preis enth\u00e4lt, wird dieser angepasst, bevor die Buchung best\u00e4tigt wird.  <\/strong><\/p><\/div>\t\t\t\t\t\t\t\t<\/div>\n\t\t\t\t<div class=\"elementor-element elementor-element-a3e3d96 elementor-widget elementor-widget-heading\" data-id=\"a3e3d96\" data-element_type=\"widget\" data-e-type=\"widget\" data-widget_type=\"heading.default\">\n\t\t\t\t\t<h2 class=\"elementor-heading-title elementor-size-default\">Stornierung f\u00fcr Klettern ord. \u00f6ffnungszeiten   <\/h2>\t\t\t\t<\/div>\n\t\t\t\t<div class=\"elementor-element elementor-element-b2b38a0 elementor-widget elementor-widget-text-editor\" data-id=\"b2b38a0\" data-element_type=\"widget\" data-e-type=\"widget\" data-widget_type=\"text-editor.default\">\n\t\t\t\t\t\t\t\t\t<p>Bei Gruppen ab 10 Teilnehmern muss die Stornierung\/Umbuchung der gesamten Tour bis sp\u00e4testens 14 Tage vor der gebuchten Aktivit\u00e4t erfolgen. Einzelne Pl\u00e4tze k\u00f6nnen bis zu 5 Tage vor der Aktivit\u00e4t storniert werden. <\/p><p><em>*Wenn jedoch weniger als 14 Tage bis zu Ihrem Aufstieg verbleiben, haben Sie die M\u00f6glichkeit, eine Umbuchung f\u00fcr einen Preis von 2000:- vorzunehmen.<\/em><\/p><p>Bei Buchungen von 1-9 Personen k\u00f6nnen die gesamte Tour oder einzelne Pl\u00e4tze bis sp\u00e4testens 5 Tage vor der gebuchten Aktivit\u00e4t storniert\/umgebucht werden. Pl\u00e4tze, die sp\u00e4ter als 5 Tage vor der Aktivit\u00e4t storniert\/umgebucht werden, sind nicht erstattungsf\u00e4hig. <\/p><p>Die Stornierung\/Umbuchung erfolgt per E-Mail an <a href=\"mailto:boka@upzone.se\">boka@upzone.se.<\/a> Sie m\u00fcssen unbedingt eine Best\u00e4tigung von uns erhalten, dass die Stornierung abgeschlossen ist.<\/p>\t\t\t\t\t\t\t\t<\/div>\n\t\t\t\t<div class=\"elementor-element elementor-element-3a12558 elementor-widget elementor-widget-heading\" data-id=\"3a12558\" data-element_type=\"widget\" data-e-type=\"widget\" data-widget_type=\"heading.default\">\n\t\t\t\t\t<h2 class=\"elementor-heading-title elementor-size-default\">Stornierung f\u00fcr das Klettern AUSSERHALB der normalen \u00d6ffnungszeiten   <\/h2>\t\t\t\t<\/div>\n\t\t\t\t<div class=\"elementor-element elementor-element-c57eade elementor-widget elementor-widget-text-editor\" data-id=\"c57eade\" data-element_type=\"widget\" data-e-type=\"widget\" data-widget_type=\"text-editor.default\">\n\t\t\t\t\t\t\t\t\t<p>Die Stornierung\/Umbuchung der gesamten Tour oder einzelner Pl\u00e4tze muss sp\u00e4testens 14 Tage vor der gebuchten Aktivit\u00e4t erfolgen, unabh\u00e4ngig von der Anzahl der Teilnehmer. Pl\u00e4tze, die sp\u00e4ter als 14 Tage vor der Aktivit\u00e4t storniert werden, werden nicht erstattet. <\/p><p><em>*Wenn jedoch weniger als 14 Tage bis zu Ihrer Aktivit\u00e4t verbleiben, haben Sie die M\u00f6glichkeit, eine Umbuchung f\u00fcr einen Preis von 2000:- vorzunehmen.<\/em><\/p><p>Die Stornierung\/Umbuchung erfolgt per E-Mail an <a href=\"mailto:boka@upzone.se\">boka@upzone.se.<\/a> Sie m\u00fcssen unbedingt eine Best\u00e4tigung von uns erhalten, dass die Stornierung abgeschlossen ist.<\/p>\t\t\t\t\t\t\t\t<\/div>\n\t\t\t\t<div class=\"elementor-element elementor-element-23efcb1 elementor-widget elementor-widget-heading\" data-id=\"23efcb1\" data-element_type=\"widget\" data-e-type=\"widget\" data-widget_type=\"heading.default\">\n\t\t\t\t\t<h2 class=\"elementor-heading-title elementor-size-default\">Kinderpartys - Buchungsbedingungen<\/h2>\t\t\t\t<\/div>\n\t\t\t\t<div class=\"elementor-element elementor-element-43de018 elementor-widget elementor-widget-text-editor\" data-id=\"43de018\" data-element_type=\"widget\" data-e-type=\"widget\" data-widget_type=\"text-editor.default\">\n\t\t\t\t\t\t\t\t\t<p>Es ist m\u00f6glich, die Anzahl der kletternden Kinder bis zu 7 Tage vor dem gebuchten Termin zu \u00e4ndern.<\/p><p>Stornierung\/Umbuchung sp\u00e4testens 7 Tage vor dem gebuchten Termin per E-Mail an <a href=\"mailto:boka@upzone.se\">boka@upzone.se.<\/a> Sie m\u00fcssen sich unbedingt von uns best\u00e4tigen lassen, dass die Stornierung erfolgt ist. <\/p><p><strong>Sie k\u00f6nnen die Zahlung mindestens 7 Tage vor dem gebuchten Termin vornehmen.<\/strong><\/p>\t\t\t\t\t\t\t\t<\/div>\n\t\t\t\t<div class=\"elementor-element elementor-element-fe16bfa elementor-widget elementor-widget-heading\" data-id=\"fe16bfa\" data-element_type=\"widget\" data-e-type=\"widget\" data-widget_type=\"heading.default\">\n\t\t\t\t\t<h2 class=\"elementor-heading-title elementor-size-default\">Escape Spiele &amp; Teamaktivit\u00e4ten<\/h2>\t\t\t\t<\/div>\n\t\t\t\t<div class=\"elementor-element elementor-element-803d287 elementor-widget elementor-widget-text-editor\" data-id=\"803d287\" data-element_type=\"widget\" data-e-type=\"widget\" data-widget_type=\"text-editor.default\">\n\t\t\t\t\t\t\t\t\t<p>Die Stornierung\/Umbuchung der gesamten Aktivit\u00e4t oder einzelner Pl\u00e4tze muss sp\u00e4testens 14 Tage vor der gebuchten Aktivit\u00e4t erfolgen, unabh\u00e4ngig von der Anzahl der Teilnehmer. Pl\u00e4tze, die sp\u00e4ter als 14 Tage vor der Aktivit\u00e4t storniert werden, werden nicht erstattet. <\/p><p><em>*Wenn jedoch weniger als 14 Tage bis zu Ihrer Aktivit\u00e4t verbleiben, haben Sie die M\u00f6glichkeit, eine Umbuchung f\u00fcr einen Preis von 2000:- vorzunehmen.<\/em><\/p><p>Die Stornierung\/Umbuchung erfolgt per E-Mail an <a href=\"mailto:boka@upzone.se\">boka@upzone.se.<\/a> Sie m\u00fcssen unbedingt eine Best\u00e4tigung von uns erhalten, dass die Stornierung abgeschlossen ist.<\/p>\t\t\t\t\t\t\t\t<\/div>\n\t\t\t\t<div class=\"elementor-element elementor-element-366b077 elementor-widget elementor-widget-heading\" data-id=\"366b077\" data-element_type=\"widget\" data-e-type=\"widget\" data-widget_type=\"heading.default\">\n\t\t\t\t\t<h2 class=\"elementor-heading-title elementor-size-default\">Absage aufgrund von Wetterbedingungen<\/h2>\t\t\t\t<\/div>\n\t\t\t\t<div class=\"elementor-element elementor-element-9e7a567 elementor-widget elementor-widget-text-editor\" data-id=\"9e7a567\" data-element_type=\"widget\" data-e-type=\"widget\" data-widget_type=\"text-editor.default\">\n\t\t\t\t\t\t\t\t\t<p>Klettern ist auch bei Regen m\u00f6glich. Bringen Sie dem Wetter entsprechende Kleidung mit. <\/p><p>Sollten Gewitter auftreten und ein Sicherheitsrisiko darstellen, m\u00fcssen wir die Aktivit\u00e4t m\u00f6glicherweise unterbrechen oder absagen. Diese Einsch\u00e4tzung m\u00fcssen die Mitarbeiter noch am selben Tag vor Ort vornehmen. In den meisten F\u00e4llen k\u00f6nnen wir die Klettertour z.B. f\u00fcr 30 Minuten unterbrechen und dann fortsetzen, wenn das Gewitter abgezogen ist. Die unterbrochene Zeit wird dann nat\u00fcrlich zu Ihrer Zeit hinzugerechnet. Sollten wir die Tour komplett schlie\u00dfen m\u00fcssen, werden wir Sie so schnell wie m\u00f6glich kontaktieren und Sie k\u00f6nnen dann an einem anderen Tag kommen. Wenn Sie nicht auf einen anderen Tag umbuchen k\u00f6nnen, erhalten Sie eine R\u00fcckerstattung in Form eines Gutscheins, damit Sie uns zu einem sp\u00e4teren Zeitpunkt besuchen k\u00f6nnen.     <\/p>\t\t\t\t\t\t\t\t<\/div>\n\t\t\t\t<\/div>\n\t\t\t\t\t<\/details>\n\t\t\t\t\t\t<details id=\"e-n-accordion-item-1291\" class=\"e-n-accordion-item\" >\n\t\t\t\t<summary class=\"e-n-accordion-item-title\" data-accordion-index=\"2\" tabindex=\"-1\" aria-expanded=\"false\" aria-controls=\"e-n-accordion-item-1291\" >\n\t\t\t\t\t<span class='e-n-accordion-item-title-header'><div class=\"e-n-accordion-item-title-text\"> Zahlungsbedingungen <\/div><\/span>\n\t\t\t\t\t\t\t<span class='e-n-accordion-item-title-icon'>\n\t\t\t<span class='e-opened' ><svg aria-hidden=\"true\" class=\"e-font-icon-svg e-fas-minus\" viewBox=\"0 0 448 512\" xmlns=\"http:\/\/www.w3.org\/2000\/svg\"><path d=\"M416 208H32c-17.67 0-32 14.33-32 32v32c0 17.67 14.33 32 32 32h384c17.67 0 32-14.33 32-32v-32c0-17.67-14.33-32-32-32z\"><\/path><\/svg><\/span>\n\t\t\t<span class='e-closed'><svg aria-hidden=\"true\" class=\"e-font-icon-svg e-fas-plus\" viewBox=\"0 0 448 512\" xmlns=\"http:\/\/www.w3.org\/2000\/svg\"><path d=\"M416 208H272V64c0-17.67-14.33-32-32-32h-32c-17.67 0-32 14.33-32 32v144H32c-17.67 0-32 14.33-32 32v32c0 17.67 14.33 32 32 32h144v144c0 17.67 14.33 32 32 32h32c17.67 0 32-14.33 32-32V304h144c17.67 0 32-14.33 32-32v-32c0-17.67-14.33-32-32-32z\"><\/path><\/svg><\/span>\n\t\t<\/span>\n\n\t\t\t\t\t\t<\/summary>\n\t\t\t\t<div role=\"region\" aria-labelledby=\"e-n-accordion-item-1291\" class=\"elementor-element elementor-element-ee50cea e-con-full e-flex e-con e-child\" data-id=\"ee50cea\" data-element_type=\"container\" data-e-type=\"container\">\n\t\t\t\t<div class=\"elementor-element elementor-element-ab6d517 elementor-widget elementor-widget-heading\" data-id=\"ab6d517\" data-element_type=\"widget\" data-e-type=\"widget\" data-widget_type=\"heading.default\">\n\t\t\t\t\t<h2 class=\"elementor-heading-title elementor-size-default\">Bezahlung der Buchung<\/h2>\t\t\t\t<\/div>\n\t\t\t\t<div class=\"elementor-element elementor-element-00b48d7 elementor-widget elementor-widget-text-editor\" data-id=\"00b48d7\" data-element_type=\"widget\" data-e-type=\"widget\" data-widget_type=\"text-editor.default\">\n\t\t\t\t\t\t\t\t\t<p>Ab 10 Teilnehmern muss die Zahlung f\u00fcr die gesamte Aktivit\u00e4t mindestens 14 Tage vor der gebuchten Aktivit\u00e4t erfolgen. Wenn die Buchung nicht bezahlt wird und Sie nicht zu Ihrer gebuchten Aktivit\u00e4t erscheinen, sind Sie zahlungspflichtig und bekommen den vollen Betrag in Rechnung gestellt. <\/p><p>1-9 Teilnehmer, muss die Zahlung der gesamten Aktivit\u00e4t sp\u00e4testens 5 Tage vor der gebuchten Aktivit\u00e4t erfolgen. Wenn die Buchung nicht bezahlt wird und Sie nicht zu Ihrer gebuchten Aktivit\u00e4t erscheinen, haften Sie f\u00fcr die Zahlung und erhalten eine Rechnung \u00fcber den vollen Betrag. <\/p><p><strong>Kinderparty:<\/strong> Die Zahlung kann bis sp\u00e4testens 7 Tage vor dem gebuchten Termin erfolgen und es ist auch m\u00f6glich, die Anzahl der kletternden Kinder bis dahin zu \u00e4ndern<\/p>\t\t\t\t\t\t\t\t<\/div>\n\t\t\t\t<div class=\"elementor-element elementor-element-ff0fa8a elementor-widget elementor-widget-heading\" data-id=\"ff0fa8a\" data-element_type=\"widget\" data-e-type=\"widget\" data-widget_type=\"heading.default\">\n\t\t\t\t\t<h2 class=\"elementor-heading-title elementor-size-default\">Rechnungsstellung<\/h2>\t\t\t\t<\/div>\n\t\t\t\t<div class=\"elementor-element elementor-element-0b77b0d elementor-widget elementor-widget-text-editor\" data-id=\"0b77b0d\" data-element_type=\"widget\" data-e-type=\"widget\" data-widget_type=\"text-editor.default\">\n\t\t\t\t\t\t\t\t\t<p>Alle Unternehmen haben ein Zahlungsziel von 10 Tagen und werden etwa 14 Tage vor der gebuchten Aktivit\u00e4t verschickt.<\/p><p>Wenn Sie innerhalb von 14 Tagen buchen, wird die Rechnung verschickt, sobald sie erstellt wurde.<br>Die Buchungszentrale erhebt eine Geb\u00fchr von 29 SEK f\u00fcr jede Rechnung, die zu Ihrer Buchung geh\u00f6rt.<\/p>\t\t\t\t\t\t\t\t<\/div>\n\t\t\t\t<\/div>\n\t\t\t\t\t<\/details>\n\t\t\t\t\t\t<details id=\"e-n-accordion-item-1292\" class=\"e-n-accordion-item\" >\n\t\t\t\t<summary class=\"e-n-accordion-item-title\" data-accordion-index=\"3\" tabindex=\"-1\" aria-expanded=\"false\" aria-controls=\"e-n-accordion-item-1292\" >\n\t\t\t\t\t<span class='e-n-accordion-item-title-header'><div class=\"e-n-accordion-item-title-text\"> Geschenkgutscheine <\/div><\/span>\n\t\t\t\t\t\t\t<span class='e-n-accordion-item-title-icon'>\n\t\t\t<span class='e-opened' ><svg aria-hidden=\"true\" class=\"e-font-icon-svg e-fas-minus\" viewBox=\"0 0 448 512\" xmlns=\"http:\/\/www.w3.org\/2000\/svg\"><path d=\"M416 208H32c-17.67 0-32 14.33-32 32v32c0 17.67 14.33 32 32 32h384c17.67 0 32-14.33 32-32v-32c0-17.67-14.33-32-32-32z\"><\/path><\/svg><\/span>\n\t\t\t<span class='e-closed'><svg aria-hidden=\"true\" class=\"e-font-icon-svg e-fas-plus\" viewBox=\"0 0 448 512\" xmlns=\"http:\/\/www.w3.org\/2000\/svg\"><path d=\"M416 208H272V64c0-17.67-14.33-32-32-32h-32c-17.67 0-32 14.33-32 32v144H32c-17.67 0-32 14.33-32 32v32c0 17.67 14.33 32 32 32h144v144c0 17.67 14.33 32 32 32h32c17.67 0 32-14.33 32-32V304h144c17.67 0 32-14.33 32-32v-32c0-17.67-14.33-32-32-32z\"><\/path><\/svg><\/span>\n\t\t<\/span>\n\n\t\t\t\t\t\t<\/summary>\n\t\t\t\t<div role=\"region\" aria-labelledby=\"e-n-accordion-item-1292\" class=\"elementor-element elementor-element-12dd192 e-con-full e-flex e-con e-child\" data-id=\"12dd192\" data-element_type=\"container\" data-e-type=\"container\">\n\t\t\t\t<div class=\"elementor-element elementor-element-54c38d0 elementor-widget elementor-widget-heading\" data-id=\"54c38d0\" data-element_type=\"widget\" data-e-type=\"widget\" data-widget_type=\"heading.default\">\n\t\t\t\t\t<h2 class=\"elementor-heading-title elementor-size-default\">Bedingungen und Konditionen f\u00fcr Geschenkgutscheine  <\/h2>\t\t\t\t<\/div>\n\t\t\t\t<div class=\"elementor-element elementor-element-0b84295 elementor-widget elementor-widget-text-editor\" data-id=\"0b84295\" data-element_type=\"widget\" data-e-type=\"widget\" data-widget_type=\"text-editor.default\">\n\t\t\t\t\t\t\t\t\t<p>Sie sind daf\u00fcr verantwortlich, dass Sie beim Kauf eines Geschenkgutscheins die richtigen Angaben gemacht haben. Fehllieferungen oder \u00e4hnliches, die darauf zur\u00fcckzuf\u00fchren sind, dass Sie falsche Angaben gemacht haben, werden nicht erstattet. <\/p><p>Sie k\u00f6nnen den Kauf eines Geschenkgutscheins innerhalb von vierzehn (14) Kalendertagen nach Erhalt des Geschenkgutscheins widerrufen. Voraussetzung f\u00fcr die Aus\u00fcbung des Widerrufsrechts ist jedoch, dass der Geschenkgutschein weder ganz noch teilweise eingel\u00f6st wurde. Wenn Sie Ihr Widerrufsrecht aus\u00fcben m\u00f6chten, m\u00fcssen Sie uns per E-Mail an <a href=\"mailto:boka@upzone.se\">boka@upzone.se<\/a> kontaktieren und eine schriftliche Best\u00e4tigung erhalten.  <\/p>\t\t\t\t\t\t\t\t<\/div>\n\t\t\t\t<\/div>\n\t\t\t\t\t<\/details>\n\t\t\t\t\t\t<details id=\"e-n-accordion-item-1293\" class=\"e-n-accordion-item\" >\n\t\t\t\t<summary class=\"e-n-accordion-item-title\" data-accordion-index=\"4\" tabindex=\"-1\" aria-expanded=\"false\" aria-controls=\"e-n-accordion-item-1293\" >\n\t\t\t\t\t<span class='e-n-accordion-item-title-header'><div class=\"e-n-accordion-item-title-text\"> Speicherung von pers\u00f6nlichen Daten <\/div><\/span>\n\t\t\t\t\t\t\t<span class='e-n-accordion-item-title-icon'>\n\t\t\t<span class='e-opened' ><svg aria-hidden=\"true\" class=\"e-font-icon-svg e-fas-minus\" viewBox=\"0 0 448 512\" xmlns=\"http:\/\/www.w3.org\/2000\/svg\"><path d=\"M416 208H32c-17.67 0-32 14.33-32 32v32c0 17.67 14.33 32 32 32h384c17.67 0 32-14.33 32-32v-32c0-17.67-14.33-32-32-32z\"><\/path><\/svg><\/span>\n\t\t\t<span class='e-closed'><svg aria-hidden=\"true\" class=\"e-font-icon-svg e-fas-plus\" viewBox=\"0 0 448 512\" xmlns=\"http:\/\/www.w3.org\/2000\/svg\"><path d=\"M416 208H272V64c0-17.67-14.33-32-32-32h-32c-17.67 0-32 14.33-32 32v144H32c-17.67 0-32 14.33-32 32v32c0 17.67 14.33 32 32 32h144v144c0 17.67 14.33 32 32 32h32c17.67 0 32-14.33 32-32V304h144c17.67 0 32-14.33 32-32v-32c0-17.67-14.33-32-32-32z\"><\/path><\/svg><\/span>\n\t\t<\/span>\n\n\t\t\t\t\t\t<\/summary>\n\t\t\t\t<div role=\"region\" aria-labelledby=\"e-n-accordion-item-1293\" class=\"elementor-element elementor-element-fc210b1 e-con-full e-flex e-con e-child\" data-id=\"fc210b1\" data-element_type=\"container\" data-e-type=\"container\">\n\t\t\t\t<div class=\"elementor-element elementor-element-fdccecb elementor-widget elementor-widget-heading\" data-id=\"fdccecb\" data-element_type=\"widget\" data-e-type=\"widget\" data-widget_type=\"heading.default\">\n\t\t\t\t\t<h2 class=\"elementor-heading-title elementor-size-default\">GDPR<\/h2>\t\t\t\t<\/div>\n\t\t\t\t<div class=\"elementor-element elementor-element-51c8506 elementor-widget elementor-widget-text-editor\" data-id=\"51c8506\" data-element_type=\"widget\" data-e-type=\"widget\" data-widget_type=\"text-editor.default\">\n\t\t\t\t\t\t\t\t\t<p>Wenn Sie eine Buchung oder einen Kauf bei Upzone t\u00e4tigen, erkl\u00e4ren Sie sich auch damit einverstanden, dass wir als Datenverantwortlicher die von Ihnen im Zusammenhang mit der Buchung angegebenen Informationen registrieren und verarbeiten. Dies geschieht nur in dem Umfang, der notwendig ist, damit wir die Aktivit\u00e4t durchf\u00fchren und Ihnen einen hohen Standard an Kundenservice bieten k\u00f6nnen. Sie k\u00f6nnen uns jederzeit \u00fcber <a href=\"mailto:boka@upzone.se\">boka@upzone.se<\/a> kontaktieren, wenn Sie mehr wissen m\u00f6chten.  <\/p><p>Wir verwenden die Daten nur innerhalb der Upzone-Gruppe und geben sie nicht an Dritte weiter, es sei denn, wir sind gesetzlich verpflichtet, die Daten offenzulegen.<\/p>\t\t\t\t\t\t\t\t<\/div>\n\t\t\t\t<\/div>\n\t\t\t\t\t<\/details>\n\t\t\t\t\t<\/div>\n\t\t\t\t\t\t<\/div>\n\t\t\t\t\t<\/div>\n\t\t\t\t<\/div>\n\t\t\t\t<\/div>\n\t\t","protected":false},"excerpt":{"rendered":"<p>Buchungsbedingungen Bedingungen f\u00fcr die Buchung Bedingungen f\u00fcr die Buchung einer Aktivit\u00e4t Um zu buchen, m\u00fcssen Sie mindestens 18 Jahre alt sein oder die Erlaubnis Ihrer Eltern haben, die Aktivit\u00e4t durchzuf\u00fchren. Es ist wichtig, dass Sie unsere H\u00f6hen- und Sicherheitsregeln verstehen. Bei der Buchung muss f\u00fcr jede Person, die klettern m\u00f6chte, ein Platz entsprechend der H\u00f6henkategorie, [&hellip;]<\/p>\n","protected":false},"author":1,"featured_media":0,"parent":0,"menu_order":0,"comment_status":"closed","ping_status":"closed","template":"","meta":{"_seopress_robots_primary_cat":"","_seopress_titles_title":"Buchungsbedingungen | Upzone Adventure Park","_seopress_titles_desc":"Lesen Sie die Upzone-Buchungsbedingungen f\u00fcr Aktivit\u00e4ten und Abenteuerparks. Hier finden Sie Informationen zu Zahlung, Stornierung, Umbuchung und was f\u00fcr Ihre Buchung gilt. ","_seopress_robots_index":"","footnotes":""},"class_list":["post-7404","page","type-page","status-publish","hentry"],"_links":{"self":[{"href":"https:\/\/dev.upzone.se\/de\/wp-json\/wp\/v2\/pages\/7404","targetHints":{"allow":["GET"]}}],"collection":[{"href":"https:\/\/dev.upzone.se\/de\/wp-json\/wp\/v2\/pages"}],"about":[{"href":"https:\/\/dev.upzone.se\/de\/wp-json\/wp\/v2\/types\/page"}],"author":[{"embeddable":true,"href":"https:\/\/dev.upzone.se\/de\/wp-json\/wp\/v2\/users\/1"}],"replies":[{"embeddable":true,"href":"https:\/\/dev.upzone.se\/de\/wp-json\/wp\/v2\/comments?post=7404"}],"version-history":[{"count":3,"href":"https:\/\/dev.upzone.se\/de\/wp-json\/wp\/v2\/pages\/7404\/revisions"}],"predecessor-version":[{"id":7412,"href":"https:\/\/dev.upzone.se\/de\/wp-json\/wp\/v2\/pages\/7404\/revisions\/7412"}],"wp:attachment":[{"href":"https:\/\/dev.upzone.se\/de\/wp-json\/wp\/v2\/media?parent=7404"}],"curies":[{"name":"wp","href":"https:\/\/api.w.org\/{rel}","templated":true}]}}