{"id":7391,"date":"2025-12-15T04:33:44","date_gmt":"2025-12-15T03:33:44","guid":{"rendered":"https:\/\/dev.upzone.se\/sicherheit-bildung\/"},"modified":"2026-03-29T04:14:51","modified_gmt":"2026-03-29T03:14:51","slug":"sicherheit-bildung","status":"publish","type":"page","link":"https:\/\/dev.upzone.se\/de\/sicherheit-bildung\/","title":{"rendered":"Sicherheit &amp; Bildung"},"content":{"rendered":"\t\t<div data-elementor-type=\"wp-page\" data-elementor-id=\"7391\" class=\"elementor elementor-7391 elementor-290\" data-elementor-post-type=\"page\">\n\t\t\t\t<div class=\"elementor-element elementor-element-3319b2b e-con-full e-flex e-con e-parent\" data-id=\"3319b2b\" data-element_type=\"container\" data-e-type=\"container\" data-settings=\"{&quot;background_background&quot;:&quot;classic&quot;}\">\n\t\t<div class=\"elementor-element elementor-element-97107a6 e-con-full e-flex e-con e-child\" data-id=\"97107a6\" data-element_type=\"container\" data-e-type=\"container\">\n\t\t\t\t<div class=\"elementor-element elementor-element-76331df elementor-widget elementor-widget-heading\" data-id=\"76331df\" data-element_type=\"widget\" data-e-type=\"widget\" data-widget_type=\"heading.default\">\n\t\t\t\t\t<h2 class=\"elementor-heading-title elementor-size-default\">Upzone Akademie<\/h2>\t\t\t\t<\/div>\n\t\t\t\t<div class=\"elementor-element elementor-element-9ff1ee7 elementor-widget elementor-widget-heading\" data-id=\"9ff1ee7\" data-element_type=\"widget\" data-e-type=\"widget\" data-widget_type=\"heading.default\">\n\t\t\t\t\t<h2 class=\"elementor-heading-title elementor-size-default\">Branchenf\u00fchrende Sicherheit und Schulung<\/h2>\t\t\t\t<\/div>\n\t\t\t\t<div class=\"elementor-element elementor-element-511d4cb elementor-widget elementor-widget-button\" data-id=\"511d4cb\" data-element_type=\"widget\" data-e-type=\"widget\" data-widget_type=\"button.default\">\n\t\t\t\t\t\t\t\t\t\t<a class=\"elementor-button elementor-button-link elementor-size-sm elementor-animation-sink\" href=\"https:\/\/dev.upzone.se\/de\/katalog-der-aktivitaeten\/\">\n\t\t\t\t\t\t<span class=\"elementor-button-content-wrapper\">\n\t\t\t\t\t\t\t\t\t<span class=\"elementor-button-text\">Buchen Sie Ihr Abenteuer<\/span>\n\t\t\t\t\t<\/span>\n\t\t\t\t\t<\/a>\n\t\t\t\t\t\t\t\t<\/div>\n\t\t\t\t<\/div>\n\t\t\t\t<\/div>\n\t\t<div class=\"elementor-element elementor-element-810efe8 e-flex e-con-boxed e-con e-parent\" data-id=\"810efe8\" data-element_type=\"container\" data-e-type=\"container\">\n\t\t\t\t\t<div class=\"e-con-inner\">\n\t\t<div class=\"elementor-element elementor-element-5f9a214 e-con-full e-flex e-con e-child\" data-id=\"5f9a214\" data-element_type=\"container\" data-e-type=\"container\">\n\t\t\t\t<div class=\"elementor-element elementor-element-a247bd0 elementor-widget elementor-widget-heading\" data-id=\"a247bd0\" data-element_type=\"widget\" data-e-type=\"widget\" data-widget_type=\"heading.default\">\n\t\t\t\t\t<h2 class=\"elementor-heading-title elementor-size-default\">Upzone Akademie<\/h2>\t\t\t\t<\/div>\n\t\t\t\t<\/div>\n\t\t<div class=\"elementor-element elementor-element-2e88cf3 e-con-full e-flex e-con e-child\" data-id=\"2e88cf3\" data-element_type=\"container\" data-e-type=\"container\">\n\t\t\t\t<div class=\"elementor-element elementor-element-16185ce elementor-widget elementor-widget-text-editor\" data-id=\"16185ce\" data-element_type=\"widget\" data-e-type=\"widget\" data-widget_type=\"text-editor.default\">\n\t\t\t\t\t\t\t\t\t<p>Die Sicherheit liegt sowohl in der Ausr\u00fcstung als auch in den Menschen, die sie benutzen. Aus diesem Grund betreiben wir <strong>die Upzone Academy<\/strong>, eine zertifizierte Trainingsakademie f\u00fcr Abenteuerparks. <\/p><p>Seit 2016 sind wir die <strong>IAPA Academy Sweden<\/strong> &#8211; die Schulungsakademie der International Adventure Park Association (IAPA).<\/p><ul><li>Alle unsere Ausbilder sind nach IAPA-Standards ausgebildet<\/li><li>Wir bieten Fortbildungen f\u00fcr andere Parks und Betreiber des Sektors an<\/li><\/ul>\t\t\t\t\t\t\t\t<\/div>\n\t\t\t\t<\/div>\n\t\t\t\t\t<\/div>\n\t\t\t\t<\/div>\n\t\t<div class=\"elementor-element elementor-element-08896a8 e-con-full e-flex e-con e-parent\" data-id=\"08896a8\" data-element_type=\"container\" data-e-type=\"container\">\n\t\t<div class=\"elementor-element elementor-element-abaa50f e-con-full e-flex e-con e-child\" data-id=\"abaa50f\" data-element_type=\"container\" data-e-type=\"container\">\n\t\t\t\t<div class=\"elementor-element elementor-element-130a144 elementor-widget elementor-widget-heading\" data-id=\"130a144\" data-element_type=\"widget\" data-e-type=\"widget\" data-widget_type=\"heading.default\">\n\t\t\t\t\t<h2 class=\"elementor-heading-title elementor-size-default\">Abenteuerf\u00fchrer f\u00fcr Abenteuerpark<\/h2>\t\t\t\t<\/div>\n\t\t\t\t<div class=\"elementor-element elementor-element-02b515a elementor-widget elementor-widget-text-editor\" data-id=\"02b515a\" data-element_type=\"widget\" data-e-type=\"widget\" data-widget_type=\"text-editor.default\">\n\t\t\t\t\t\t\t\t\t<p>Lernen Sie die Grundlagen der Arbeit als Ausbilder in einem Abenteuerpark.<\/p><p>Sie werden Kenntnisse \u00fcber Sicherheitsverfahren, den Umgang mit G\u00e4sten und die Anleitung und Betreuung von G\u00e4sten im Kurs erwerben.<\/p><p><strong>Voraussetzungen:<\/strong><\/p><ul><li>Mindestens 16 Jahre alt<\/li><li>Gute k\u00f6rperliche und geistige Gesundheit<\/li><\/ul>\t\t\t\t\t\t\t\t<\/div>\n\t\t\t\t<\/div>\n\t\t<div class=\"elementor-element elementor-element-0bb8c02 e-con-full e-flex e-con e-child\" data-id=\"0bb8c02\" data-element_type=\"container\" data-e-type=\"container\" data-settings=\"{&quot;background_background&quot;:&quot;classic&quot;}\">\n\t\t\t\t<\/div>\n\t\t\t\t<\/div>\n\t\t<div class=\"elementor-element elementor-element-4689748 e-con-full e-flex e-con e-parent\" data-id=\"4689748\" data-element_type=\"container\" data-e-type=\"container\">\n\t\t<div class=\"elementor-element elementor-element-e83048f e-con-full e-flex e-con e-child\" data-id=\"e83048f\" data-element_type=\"container\" data-e-type=\"container\">\n\t\t\t\t<div class=\"elementor-element elementor-element-1868656 elementor-widget elementor-widget-heading\" data-id=\"1868656\" data-element_type=\"widget\" data-e-type=\"widget\" data-widget_type=\"heading.default\">\n\t\t\t\t\t<h2 class=\"elementor-heading-title elementor-size-default\">Abenteuerf\u00fchrer mit Rettungsaufgaben<\/h2>\t\t\t\t<\/div>\n\t\t\t\t<div class=\"elementor-element elementor-element-2c3a6bb elementor-widget elementor-widget-text-editor\" data-id=\"2c3a6bb\" data-element_type=\"widget\" data-e-type=\"widget\" data-widget_type=\"text-editor.default\">\n\t\t\t\t\t\t\t\t\t<p>Gr\u00fcndliche Ausbildung f\u00fcr diejenigen, die den G\u00e4sten auf der Rennstrecke helfen und sie retten k\u00f6nnen.<\/p><p>Konzentrieren Sie sich auf praktische Rettungsarbeiten, Evakuierungen und den Umgang mit Drucksituationen mit Ruhe und Selbstvertrauen.<\/p><p><strong>Voraussetzungen:<\/strong><\/p><ul><li>Mindestens 18 Jahre alt<\/li><li>IAPA Adventure Guide (oder gleichwertige Ausbildung)<\/li><\/ul>\t\t\t\t\t\t\t\t<\/div>\n\t\t\t\t<\/div>\n\t\t<div class=\"elementor-element elementor-element-2200942 e-con-full e-flex e-con e-child\" data-id=\"2200942\" data-element_type=\"container\" data-e-type=\"container\" data-settings=\"{&quot;background_background&quot;:&quot;classic&quot;}\">\n\t\t\t\t<\/div>\n\t\t\t\t<\/div>\n\t\t<div class=\"elementor-element elementor-element-dcc4f79 e-con-full e-flex e-con e-parent\" data-id=\"dcc4f79\" data-element_type=\"container\" data-e-type=\"container\">\n\t\t<div class=\"elementor-element elementor-element-b65acc1 e-con-full e-flex e-con e-child\" data-id=\"b65acc1\" data-element_type=\"container\" data-e-type=\"container\">\n\t\t\t\t<div class=\"elementor-element elementor-element-b294adb elementor-widget elementor-widget-heading\" data-id=\"b294adb\" data-element_type=\"widget\" data-e-type=\"widget\" data-widget_type=\"heading.default\">\n\t\t\t\t\t<h2 class=\"elementor-heading-title elementor-size-default\">Trainer f\u00fcr Abenteuerpark<\/h2>\t\t\t\t<\/div>\n\t\t\t\t<div class=\"elementor-element elementor-element-21b8ce4 elementor-widget elementor-widget-text-editor\" data-id=\"21b8ce4\" data-element_type=\"widget\" data-e-type=\"widget\" data-widget_type=\"text-editor.default\">\n\t\t\t\t\t\t\t\t\t<p>F\u00fcr erfahrene Guides mit Rettungsaufgaben, die andere ausbilden m\u00f6chten.<\/p><p>Sie werden umfassende Kenntnisse in allen Aspekten des Betriebs von Abenteuerparks, der Sicherheit und der Ausbildung erwerben.<\/p><p><strong>Voraussetzungen (zum Beispiel):<\/strong><\/p><ul><li>Mindestens 21 Jahre alt<\/li><li>Mindestens 1 Jahr Erfahrung als Rettungsassistent<\/li><li>G41 &#8211; Genehmigung f\u00fcr Arbeiten in der H\u00f6he<\/li><\/ul>\t\t\t\t\t\t\t\t<\/div>\n\t\t\t\t<\/div>\n\t\t<div class=\"elementor-element elementor-element-ada6a47 e-con-full e-flex e-con e-child\" data-id=\"ada6a47\" data-element_type=\"container\" data-e-type=\"container\" data-settings=\"{&quot;background_background&quot;:&quot;classic&quot;}\">\n\t\t\t\t<\/div>\n\t\t\t\t<\/div>\n\t\t<div class=\"elementor-element elementor-element-f15758d e-con-full e-flex e-con e-parent\" data-id=\"f15758d\" data-element_type=\"container\" data-e-type=\"container\">\n\t\t<div class=\"elementor-element elementor-element-42cc974 e-con-full e-flex e-con e-child\" data-id=\"42cc974\" data-element_type=\"container\" data-e-type=\"container\">\n\t\t\t\t<div class=\"elementor-element elementor-element-c531f8e elementor-widget elementor-widget-heading\" data-id=\"c531f8e\" data-element_type=\"widget\" data-e-type=\"widget\" data-widget_type=\"heading.default\">\n\t\t\t\t\t<h2 class=\"elementor-heading-title elementor-size-default\">Sicherheitsmanager f\u00fcr den Abenteuerpark<\/h2>\t\t\t\t<\/div>\n\t\t\t\t<div class=\"elementor-element elementor-element-f0f16ce elementor-widget elementor-widget-text-editor\" data-id=\"f0f16ce\" data-element_type=\"widget\" data-e-type=\"widget\" data-widget_type=\"text-editor.default\">\n\t\t\t\t\t\t\t\t\t<p>Schulung f\u00fcr diejenigen, die die Gesamtverantwortung f\u00fcr die Sicherheit im Park \u00fcbernehmen.<\/p><p>Wir decken alles ab, von Baum- und Wetterkenntnissen bis hin zu Standards, Richtlinien und Sicherheitsverfahren.<\/p>\t\t\t\t\t\t\t\t<\/div>\n\t\t\t\t<\/div>\n\t\t<div class=\"elementor-element elementor-element-622dfaa e-con-full e-flex e-con e-child\" data-id=\"622dfaa\" data-element_type=\"container\" data-e-type=\"container\" data-settings=\"{&quot;background_background&quot;:&quot;classic&quot;}\">\n\t\t\t\t<\/div>\n\t\t\t\t<\/div>\n\t\t<div class=\"elementor-element elementor-element-4cb0bb0 e-flex e-con-boxed e-con e-parent\" data-id=\"4cb0bb0\" data-element_type=\"container\" data-e-type=\"container\">\n\t\t\t\t\t<div class=\"e-con-inner\">\n\t\t<div class=\"elementor-element elementor-element-43d0a54 e-con-full e-flex e-con e-child\" data-id=\"43d0a54\" data-element_type=\"container\" data-e-type=\"container\">\n\t\t\t\t<div class=\"elementor-element elementor-element-d01acdb elementor-widget elementor-widget-heading\" data-id=\"d01acdb\" data-element_type=\"widget\" data-e-type=\"widget\" data-widget_type=\"heading.default\">\n\t\t\t\t\t<h2 class=\"elementor-heading-title elementor-size-default\">M\u00f6chten Sie mehr erfahren?<\/h2>\t\t\t\t<\/div>\n\t\t\t\t<\/div>\n\t\t<div class=\"elementor-element elementor-element-d46d988 e-con-full e-flex e-con e-child\" data-id=\"d46d988\" data-element_type=\"container\" data-e-type=\"container\">\n\t\t\t\t<div class=\"elementor-element elementor-element-0900061 elementor-widget elementor-widget-text-editor\" data-id=\"0900061\" data-element_type=\"widget\" data-e-type=\"widget\" data-widget_type=\"text-editor.default\">\n\t\t\t\t\t\t\t\t\t<p><strong>Sind Sie an einer Schulung f\u00fcr sich oder Ihr Team interessiert?<\/strong> Kontaktieren Sie uns unter <a href=\"mailto:boka@upzone.se\">boka@upzone.se<\/a> oder f\u00fcllen Sie das untenstehende Formular aus und wir werden Ihnen mehr erz\u00e4hlen.<\/p>\t\t\t\t\t\t\t\t<\/div>\n\t\t\t\t<div class=\"elementor-element elementor-element-d950526 elementor-button-align-stretch elementor-widget elementor-widget-form\" data-id=\"d950526\" data-element_type=\"widget\" data-e-type=\"widget\" data-settings=\"{&quot;step_next_label&quot;:&quot;N\\u00e4chste Seite&quot;,&quot;step_previous_label&quot;:&quot;Vorherige&quot;,&quot;button_width&quot;:&quot;100&quot;,&quot;step_type&quot;:&quot;number_text&quot;,&quot;step_icon_shape&quot;:&quot;circle&quot;}\" data-widget_type=\"form.default\">\n\t\t\t\t\t\t\t<form class=\"elementor-form\" method=\"post\" name=\"Neue Form\" aria-label=\"Neue Form\">\n\t\t\t<input type=\"hidden\" name=\"post_id\" value=\"7391\"\/>\n\t\t\t<input type=\"hidden\" name=\"form_id\" value=\"d950526\"\/>\n\t\t\t<input type=\"hidden\" name=\"referer_title\" value=\"Sicherheit &amp; Bildung\" \/>\n\n\t\t\t\t\t\t\t<input type=\"hidden\" name=\"queried_id\" value=\"7391\"\/>\n\t\t\t\n\t\t\t<div class=\"elementor-form-fields-wrapper elementor-labels-\">\n\t\t\t\t\t\t\t\t<div class=\"elementor-field-type-text elementor-field-group elementor-column elementor-field-group-name elementor-col-50 elementor-field-required\">\n\t\t\t\t\t\t\t\t\t\t\t\t<label for=\"form-field-name\" class=\"elementor-field-label elementor-screen-only\">\n\t\t\t\t\t\t\t\tVorname &amp; Nachname\t\t\t\t\t\t\t<\/label>\n\t\t\t\t\t\t\t\t\t\t\t\t\t\t<input size=\"1\" type=\"text\" name=\"form_fields[name]\" id=\"form-field-name\" class=\"elementor-field elementor-size-md  elementor-field-textual\" placeholder=\"Vorname &amp; Nachname\" required=\"required\">\n\t\t\t\t\t\t\t\t\t\t\t<\/div>\n\t\t\t\t\t\t\t\t<div class=\"elementor-field-type-email elementor-field-group elementor-column elementor-field-group-email elementor-col-50 elementor-field-required\">\n\t\t\t\t\t\t\t\t\t\t\t\t<label for=\"form-field-email\" class=\"elementor-field-label elementor-screen-only\">\n\t\t\t\t\t\t\t\tE-Mail Adresse\t\t\t\t\t\t\t<\/label>\n\t\t\t\t\t\t\t\t\t\t\t\t\t\t<input size=\"1\" type=\"email\" name=\"form_fields[email]\" id=\"form-field-email\" class=\"elementor-field elementor-size-md  elementor-field-textual\" placeholder=\"E-Mail Adresse\" required=\"required\">\n\t\t\t\t\t\t\t\t\t\t\t<\/div>\n\t\t\t\t\t\t\t\t<div class=\"elementor-field-type-text elementor-field-group elementor-column elementor-field-group-field_39090e7 elementor-col-50\">\n\t\t\t\t\t\t\t\t\t\t\t\t<label for=\"form-field-field_39090e7\" class=\"elementor-field-label elementor-screen-only\">\n\t\t\t\t\t\t\t\tRufnummer\t\t\t\t\t\t\t<\/label>\n\t\t\t\t\t\t\t\t\t\t\t\t\t\t<input size=\"1\" type=\"text\" name=\"form_fields[field_39090e7]\" id=\"form-field-field_39090e7\" class=\"elementor-field elementor-size-md  elementor-field-textual\" placeholder=\"Rufnummer\">\n\t\t\t\t\t\t\t\t\t\t\t<\/div>\n\t\t\t\t\t\t\t\t<div class=\"elementor-field-type-text elementor-field-group elementor-column elementor-field-group-field_e6ceadf elementor-col-50\">\n\t\t\t\t\t\t\t\t\t\t\t\t<label for=\"form-field-field_e6ceadf\" class=\"elementor-field-label elementor-screen-only\">\n\t\t\t\t\t\t\t\tM\u00f6glicherweise. Name des Unternehmens \t\t\t\t\t\t\t<\/label>\n\t\t\t\t\t\t\t\t\t\t\t\t\t\t<input size=\"1\" type=\"text\" name=\"form_fields[field_e6ceadf]\" id=\"form-field-field_e6ceadf\" class=\"elementor-field elementor-size-md  elementor-field-textual\" placeholder=\"M\u00f6glicherweise. Name des Unternehmens \">\n\t\t\t\t\t\t\t\t\t\t\t<\/div>\n\t\t\t\t\t\t\t\t<div class=\"elementor-field-type-textarea elementor-field-group elementor-column elementor-field-group-message elementor-col-100\">\n\t\t\t\t\t\t\t\t\t\t\t\t<label for=\"form-field-message\" class=\"elementor-field-label elementor-screen-only\">\n\t\t\t\t\t\t\t\tNachricht\t\t\t\t\t\t\t<\/label>\n\t\t\t\t\t\t<textarea class=\"elementor-field-textual elementor-field  elementor-size-md\" name=\"form_fields[message]\" id=\"form-field-message\" rows=\"4\" placeholder=\"Schreiben Sie Ihre Nachricht hier...\"><\/textarea>\t\t\t\t<\/div>\n\t\t\t\t\t\t\t\t<div class=\"elementor-field-type-recaptcha_v3 elementor-field-group elementor-column elementor-field-group-field_ac752a4 elementor-col-100 recaptcha_v3-bottomright\">\n\t\t\t\t\t<div class=\"elementor-field\" id=\"form-field-field_ac752a4\"><div class=\"elementor-g-recaptcha\" data-sitekey=\"6LcFxZIsAAAAAFcWHssM-ycyayN1hkWhIfkT33aM\" data-type=\"v3\" data-action=\"Form\" data-badge=\"bottomright\" data-size=\"invisible\"><\/div><\/div>\t\t\t\t<\/div>\n\t\t\t\t\t\t\t\t<div class=\"elementor-field-group elementor-column elementor-field-type-submit elementor-col-100 e-form__buttons\">\n\t\t\t\t\t<button class=\"elementor-button elementor-size-md\" type=\"submit\">\n\t\t\t\t\t\t<span class=\"elementor-button-content-wrapper\">\n\t\t\t\t\t\t\t\t\t\t\t\t\t\t\t\t\t\t\t\t\t\t<span class=\"elementor-button-text\">Senden Sie eine Nachricht<\/span>\n\t\t\t\t\t\t\t\t\t\t\t\t\t<\/span>\n\t\t\t\t\t<\/button>\n\t\t\t\t<\/div>\n\t\t\t<\/div>\n\t\t<\/form>\n\t\t\t\t\t\t<\/div>\n\t\t\t\t<\/div>\n\t\t\t\t\t<\/div>\n\t\t\t\t<\/div>\n\t\t\t\t<\/div>\n\t\t","protected":false},"excerpt":{"rendered":"<p>Upzone Akademie Branchenf\u00fchrende Sicherheit und Schulung Buchen Sie Ihr Abenteuer Upzone Akademie Die Sicherheit liegt sowohl in der Ausr\u00fcstung als auch in den Menschen, die sie benutzen. Aus diesem Grund betreiben wir die Upzone Academy, eine zertifizierte Trainingsakademie f\u00fcr Abenteuerparks. Seit 2016 sind wir die IAPA Academy Sweden &#8211; die Schulungsakademie der International Adventure Park [&hellip;]<\/p>\n","protected":false},"author":1,"featured_media":0,"parent":0,"menu_order":0,"comment_status":"closed","ping_status":"closed","template":"","meta":{"_seopress_robots_primary_cat":"","_seopress_titles_title":"Schulungen f\u00fcr Abenteuerparks und Mitarbeiter | Upzone Adventure Park","_seopress_titles_desc":"Upzone bietet Schulungen f\u00fcr die Sicherheit und den Betrieb von Abenteuerparks an. Wir schulen Mitarbeiter in Verfahren, Ausr\u00fcstung und Arbeitsmethoden f\u00fcr einen sicheren und professionellen Betrieb. ","_seopress_robots_index":"","footnotes":""},"class_list":["post-7391","page","type-page","status-publish","hentry"],"_links":{"self":[{"href":"https:\/\/dev.upzone.se\/de\/wp-json\/wp\/v2\/pages\/7391","targetHints":{"allow":["GET"]}}],"collection":[{"href":"https:\/\/dev.upzone.se\/de\/wp-json\/wp\/v2\/pages"}],"about":[{"href":"https:\/\/dev.upzone.se\/de\/wp-json\/wp\/v2\/types\/page"}],"author":[{"embeddable":true,"href":"https:\/\/dev.upzone.se\/de\/wp-json\/wp\/v2\/users\/1"}],"replies":[{"embeddable":true,"href":"https:\/\/dev.upzone.se\/de\/wp-json\/wp\/v2\/comments?post=7391"}],"version-history":[{"count":2,"href":"https:\/\/dev.upzone.se\/de\/wp-json\/wp\/v2\/pages\/7391\/revisions"}],"predecessor-version":[{"id":7845,"href":"https:\/\/dev.upzone.se\/de\/wp-json\/wp\/v2\/pages\/7391\/revisions\/7845"}],"wp:attachment":[{"href":"https:\/\/dev.upzone.se\/de\/wp-json\/wp\/v2\/media?parent=7391"}],"curies":[{"name":"wp","href":"https:\/\/api.w.org\/{rel}","templated":true}]}}